{"id":13,"date":"2024-09-05T13:23:09","date_gmt":"2024-09-05T13:23:09","guid":{"rendered":"https:\/\/benzinlounge.de\/?page_id=13"},"modified":"2024-09-06T22:08:44","modified_gmt":"2024-09-06T22:08:44","slug":"home","status":"publish","type":"page","link":"https:\/\/benzinlounge.de\/","title":{"rendered":""},"content":{"rendered":"\t\t<div data-elementor-type=\"wp-page\" data-elementor-id=\"13\" class=\"elementor elementor-13\">\n\t\t\t\t<div class=\"elementor-element elementor-element-6951dd0 e-flex e-con-boxed e-con e-parent\" data-id=\"6951dd0\" data-element_type=\"container\">\n\t\t\t\t\t<div class=\"e-con-inner\">\n\t\t\t\t<div class=\"elementor-element elementor-element-97bbc60 elementor-hidden-mobile elementor-widget elementor-widget-image\" data-id=\"97bbc60\" data-element_type=\"widget\" data-widget_type=\"image.default\">\n\t\t\t\t<div class=\"elementor-widget-container\">\n\t\t\t\t\t\t\t\t\t\t\t\t\t\t\t<img fetchpriority=\"high\" decoding=\"async\" width=\"2133\" height=\"1083\" src=\"https:\/\/benzinlounge.de\/wp-content\/uploads\/2024\/09\/Header-BZL-1.png\" class=\"attachment-full size-full wp-image-39\" alt=\"\" srcset=\"https:\/\/benzinlounge.de\/wp-content\/uploads\/2024\/09\/Header-BZL-1.png 2133w, https:\/\/benzinlounge.de\/wp-content\/uploads\/2024\/09\/Header-BZL-1-300x152.png 300w, https:\/\/benzinlounge.de\/wp-content\/uploads\/2024\/09\/Header-BZL-1-1024x520.png 1024w, https:\/\/benzinlounge.de\/wp-content\/uploads\/2024\/09\/Header-BZL-1-768x390.png 768w, https:\/\/benzinlounge.de\/wp-content\/uploads\/2024\/09\/Header-BZL-1-1536x780.png 1536w, https:\/\/benzinlounge.de\/wp-content\/uploads\/2024\/09\/Header-BZL-1-2048x1040.png 2048w\" sizes=\"(max-width: 2133px) 100vw, 2133px\" \/>\t\t\t\t\t\t\t\t\t\t\t\t\t\t\t<\/div>\n\t\t\t\t<\/div>\n\t\t\t\t\t<\/div>\n\t\t\t\t<\/div>\n\t\t<div class=\"elementor-element elementor-element-da595f6 e-flex e-con-boxed e-con e-parent\" data-id=\"da595f6\" data-element_type=\"container\">\n\t\t\t\t\t<div class=\"e-con-inner\">\n\t\t\t\t<div class=\"elementor-element elementor-element-47697df elementor-hidden-desktop elementor-hidden-tablet elementor-widget elementor-widget-image\" data-id=\"47697df\" data-element_type=\"widget\" data-widget_type=\"image.default\">\n\t\t\t\t<div class=\"elementor-widget-container\">\n\t\t\t\t\t\t\t\t\t\t\t\t\t\t\t<img decoding=\"async\" width=\"800\" height=\"551\" src=\"https:\/\/benzinlounge.de\/wp-content\/uploads\/2024\/09\/Mobil-Header-1024x705.png\" class=\"attachment-large size-large wp-image-120\" alt=\"\" srcset=\"https:\/\/benzinlounge.de\/wp-content\/uploads\/2024\/09\/Mobil-Header-1024x705.png 1024w, https:\/\/benzinlounge.de\/wp-content\/uploads\/2024\/09\/Mobil-Header-300x207.png 300w, https:\/\/benzinlounge.de\/wp-content\/uploads\/2024\/09\/Mobil-Header-768x529.png 768w, https:\/\/benzinlounge.de\/wp-content\/uploads\/2024\/09\/Mobil-Header-1536x1058.png 1536w, https:\/\/benzinlounge.de\/wp-content\/uploads\/2024\/09\/Mobil-Header.png 1573w\" sizes=\"(max-width: 800px) 100vw, 800px\" \/>\t\t\t\t\t\t\t\t\t\t\t\t\t\t\t<\/div>\n\t\t\t\t<\/div>\n\t\t\t\t<div class=\"elementor-element elementor-element-15320d0 elementor-widget elementor-widget-text-editor\" data-id=\"15320d0\" data-element_type=\"widget\" data-widget_type=\"text-editor.default\">\n\t\t\t\t<div class=\"elementor-widget-container\">\n\t\t\t\t\t\t\t\t\t<h2 style=\"text-align: center;\">Die KFZ-Werkstatt mit BENZ<span style=\"color: #df0922;\">IN<\/span> im Blut!<\/h2>\t\t\t\t\t\t\t\t<\/div>\n\t\t\t\t<\/div>\n\t\t\t\t\t<\/div>\n\t\t\t\t<\/div>\n\t\t<div class=\"elementor-element elementor-element-c271704 e-flex e-con-boxed e-con e-parent\" data-id=\"c271704\" data-element_type=\"container\">\n\t\t\t\t\t<div class=\"e-con-inner\">\n\t\t<div class=\"elementor-element elementor-element-6a76057 e-con-full e-flex e-con e-child\" data-id=\"6a76057\" data-element_type=\"container\">\n\t\t\t\t<div class=\"elementor-element elementor-element-a5d37a5 elementor-widget elementor-widget-text-editor\" data-id=\"a5d37a5\" data-element_type=\"widget\" data-widget_type=\"text-editor.default\">\n\t\t\t\t<div class=\"elementor-widget-container\">\n\t\t\t\t\t\t\t\t\t<p>Von Oldtimer \u00fcber Youngtimer bis hin zum modernen Neuwagen oder Ihrem Alltagsauto. Unsere Leidenschaft f\u00fcr das Automobil ist der Antrieb, der uns t\u00e4glich motiviert, jedes Fahrzeug mit Hingabe und Pr\u00e4zision zu pflegen und zu reparieren.\u00a0<\/p><p>Mit langj\u00e4hriger Erfahrung und einem Team aus hochspezialisierten Profis finden wir individuelle L\u00f6sungen, die genau auf Ihre W\u00fcnsche und die Anforderungen Ihres Fahrzeugs zugeschnitten sind.\u00a0<\/p><p>Vertrauen Sie auf Expertise, die sich aus Liebe zum <br \/>Detail und zur Technik entwickelt hat.<\/p>\t\t\t\t\t\t\t\t<\/div>\n\t\t\t\t<\/div>\n\t\t<div class=\"elementor-element elementor-element-7d99169 e-con-full e-flex e-con e-child\" data-id=\"7d99169\" data-element_type=\"container\">\n\t\t\t\t<div class=\"elementor-element elementor-element-3f869bd elementor-widget elementor-widget-heading\" data-id=\"3f869bd\" data-element_type=\"widget\" data-widget_type=\"heading.default\">\n\t\t\t\t<div class=\"elementor-widget-container\">\n\t\t\t\t\t<h6 class=\"elementor-heading-title elementor-size-default\">Lassen Sie sich gerne beraten:<\/h6>\t\t\t\t<\/div>\n\t\t\t\t<\/div>\n\t\t<div class=\"elementor-element elementor-element-9b8b546 e-con-full e-flex e-con e-child\" data-id=\"9b8b546\" data-element_type=\"container\">\n\t\t\t\t<div class=\"elementor-element elementor-element-12058c6 elementor-widget__width-auto elementor-widget elementor-widget-button\" data-id=\"12058c6\" data-element_type=\"widget\" data-widget_type=\"button.default\">\n\t\t\t\t<div class=\"elementor-widget-container\">\n\t\t\t\t\t\t\t\t\t<div class=\"elementor-button-wrapper\">\n\t\t\t\t\t<a class=\"elementor-button elementor-button-link elementor-size-sm\" href=\"tel:%20+4981659822298\">\n\t\t\t\t\t\t<span class=\"elementor-button-content-wrapper\">\n\t\t\t\t\t\t\t\t\t<span class=\"elementor-button-text\">Telefon<\/span>\n\t\t\t\t\t<\/span>\n\t\t\t\t\t<\/a>\n\t\t\t\t<\/div>\n\t\t\t\t\t\t\t\t<\/div>\n\t\t\t\t<\/div>\n\t\t\t\t<div class=\"elementor-element elementor-element-ce6c2dc elementor-align-left elementor-widget__width-auto elementor-widget elementor-widget-button\" data-id=\"ce6c2dc\" data-element_type=\"widget\" data-widget_type=\"button.default\">\n\t\t\t\t<div class=\"elementor-widget-container\">\n\t\t\t\t\t\t\t\t\t<div class=\"elementor-button-wrapper\">\n\t\t\t\t\t<a class=\"elementor-button elementor-button-link elementor-size-sm\" href=\"mailto:%20info@benzinlounge.de\">\n\t\t\t\t\t\t<span class=\"elementor-button-content-wrapper\">\n\t\t\t\t\t\t\t\t\t<span class=\"elementor-button-text\">Mail<\/span>\n\t\t\t\t\t<\/span>\n\t\t\t\t\t<\/a>\n\t\t\t\t<\/div>\n\t\t\t\t\t\t\t\t<\/div>\n\t\t\t\t<\/div>\n\t\t\t\t<\/div>\n\t\t\t\t<\/div>\n\t\t\t\t<\/div>\n\t\t<div class=\"elementor-element elementor-element-4eddb02 e-flex e-con-boxed e-con e-child\" data-id=\"4eddb02\" data-element_type=\"container\">\n\t\t\t\t\t<div class=\"e-con-inner\">\n\t\t\t\t<div class=\"elementor-element elementor-element-8758cd5 elementor-widget__width-auto elementor-widget elementor-widget-google_maps\" data-id=\"8758cd5\" data-element_type=\"widget\" data-widget_type=\"google_maps.default\">\n\t\t\t\t<div class=\"elementor-widget-container\">\n\t\t\t\t\t\t\t<div class=\"elementor-custom-embed\">\n\t\t\t<iframe loading=\"lazy\"\n\t\t\t\t\tsrc=\"https:\/\/maps.google.com\/maps?q=Erfurter%20Stra%C3%9Fe%2013%20eching&#038;t=m&#038;z=10&#038;output=embed&#038;iwloc=near\"\n\t\t\t\t\ttitle=\"Erfurter Stra\u00dfe 13 eching\"\n\t\t\t\t\taria-label=\"Erfurter Stra\u00dfe 13 eching\"\n\t\t\t><\/iframe>\n\t\t<\/div>\n\t\t\t\t\t\t<\/div>\n\t\t\t\t<\/div>\n\t\t\t\t\t<\/div>\n\t\t\t\t<\/div>\n\t\t\t\t\t<\/div>\n\t\t\t\t<\/div>\n\t\t<div class=\"elementor-element elementor-element-ffb1a89 e-flex e-con-boxed e-con e-parent\" data-id=\"ffb1a89\" data-element_type=\"container\">\n\t\t\t\t\t<div class=\"e-con-inner\">\n\t\t\t\t<div class=\"elementor-element elementor-element-b6a8d7d elementor-widget-divider--view-line elementor-widget elementor-widget-divider\" data-id=\"b6a8d7d\" data-element_type=\"widget\" data-widget_type=\"divider.default\">\n\t\t\t\t<div class=\"elementor-widget-container\">\n\t\t\t\t\t\t\t<div class=\"elementor-divider\">\n\t\t\t<span class=\"elementor-divider-separator\">\n\t\t\t\t\t\t<\/span>\n\t\t<\/div>\n\t\t\t\t\t\t<\/div>\n\t\t\t\t<\/div>\n\t\t\t\t<div class=\"elementor-element elementor-element-6df033c elementor-widget elementor-widget-image\" data-id=\"6df033c\" data-element_type=\"widget\" data-widget_type=\"image.default\">\n\t\t\t\t<div class=\"elementor-widget-container\">\n\t\t\t\t\t\t\t\t\t\t\t\t\t\t\t<img decoding=\"async\" width=\"1023\" height=\"138\" src=\"https:\/\/benzinlounge.de\/wp-content\/uploads\/2024\/09\/Reifen-Kopie_Zeichenflaeche-1.svg\" class=\"attachment-full size-full wp-image-78\" alt=\"\" \/>\t\t\t\t\t\t\t\t\t\t\t\t\t\t\t<\/div>\n\t\t\t\t<\/div>\n\t\t\t\t<div class=\"elementor-element elementor-element-cae9ae9 elementor-widget elementor-widget-text-editor\" data-id=\"cae9ae9\" data-element_type=\"widget\" data-widget_type=\"text-editor.default\">\n\t\t\t\t<div class=\"elementor-widget-container\">\n\t\t\t\t\t\t\t\t\t<h4>Reifenwechsel &amp; Einlagerung:<\/h4><p>Der Reifen ist der einzige Kontakt zur Stra\u00dfe! Deshalb ist die richtige Bereifung entscheidend f\u00fcr Ihre Sicherheit und den Fahrkomfort.\u00a0<\/p>\t\t\t\t\t\t\t\t<\/div>\n\t\t\t\t<\/div>\n\t\t<div class=\"elementor-element elementor-element-93fdcb8 e-con-full e-flex e-con e-child\" data-id=\"93fdcb8\" data-element_type=\"container\">\n\t\t\t\t<div class=\"elementor-element elementor-element-b472a94 elementor-widget__width-initial elementor-widget elementor-widget-text-editor\" data-id=\"b472a94\" data-element_type=\"widget\" data-widget_type=\"text-editor.default\">\n\t\t\t\t<div class=\"elementor-widget-container\">\n\t\t\t\t\t\t\t\t\t<p><strong>Reifenwechsel: <\/strong>Wir wechseln Ihre Sommer- und Winterreifen fachgerecht und k\u00fcmmern uns um die Montage, auch f\u00fcr anspruchsvolle Rad-Reifen-Kombinationen. Mit Pr\u00e4zision und Feingef\u00fchl sorgen wir daf\u00fcr, dass Ihr Fahrzeug bei jedem Wetter optimal ausgestattet ist.<\/p><p><strong>Einlagerung: <\/strong>Kein Platz zuhause? Kein Problem! Wir lagern Ihre Reifen unter optimalen Bedingungen ein.<\/p><p><strong>Zustandspr\u00fcfung: <\/strong>Vor der Einlagerung pr\u00fcfen wir JEDEN Reifen gr\u00fcndlich auf Sch\u00e4den und Verschlei\u00df. Bei Bedarf beraten wir Sie gerne zu einem Ersatz oder einer Reparatur.<\/p><p><strong>Reifen und\/oder Felgen kaufen: <\/strong>Wir beraten Sie individuell und sorgen daf\u00fcr, dass Ihre R\u00e4der nicht nur optisch begeistern, sondern auch in puncto Sicherheit und Leistung \u00fcberzeugen.<\/p>\t\t\t\t\t\t\t\t<\/div>\n\t\t\t\t<\/div>\n\t\t\t\t<\/div>\n\t\t\t\t\t<\/div>\n\t\t\t\t<\/div>\n\t\t<div class=\"elementor-element elementor-element-5738c482 e-flex e-con-boxed e-con e-parent\" data-id=\"5738c482\" data-element_type=\"container\">\n\t\t\t\t\t<div class=\"e-con-inner\">\n\t\t\t\t<div class=\"elementor-element elementor-element-b50c9ef elementor-widget-divider--view-line elementor-widget elementor-widget-divider\" data-id=\"b50c9ef\" data-element_type=\"widget\" data-widget_type=\"divider.default\">\n\t\t\t\t<div class=\"elementor-widget-container\">\n\t\t\t\t\t\t\t<div class=\"elementor-divider\">\n\t\t\t<span class=\"elementor-divider-separator\">\n\t\t\t\t\t\t<\/span>\n\t\t<\/div>\n\t\t\t\t\t\t<\/div>\n\t\t\t\t<\/div>\n\t\t\t\t<div class=\"elementor-element elementor-element-61a98f94 elementor-widget elementor-widget-image\" data-id=\"61a98f94\" data-element_type=\"widget\" data-widget_type=\"image.default\">\n\t\t\t\t<div class=\"elementor-widget-container\">\n\t\t\t\t\t\t\t\t\t\t\t\t\t\t\t<img loading=\"lazy\" decoding=\"async\" width=\"1023\" height=\"138\" src=\"https:\/\/benzinlounge.de\/wp-content\/uploads\/2024\/09\/Reifen-Kopie_Zeichenflaeche-1-Kopie.svg\" class=\"attachment-full size-full wp-image-140\" alt=\"\" \/>\t\t\t\t\t\t\t\t\t\t\t\t\t\t\t<\/div>\n\t\t\t\t<\/div>\n\t\t\t\t<div class=\"elementor-element elementor-element-42c7d931 elementor-widget elementor-widget-text-editor\" data-id=\"42c7d931\" data-element_type=\"widget\" data-widget_type=\"text-editor.default\">\n\t\t\t\t<div class=\"elementor-widget-container\">\n\t\t\t\t\t\t\t\t\t<h4>Instandhaltung &amp; Performance:<\/h4><p>Die Pflege und regelm\u00e4\u00dfige Instandhaltung Ihres Fahrzeugs sind entscheidend f\u00fcr seine langfristige Leistung und Sicherheit. Durch kontinuierliche Wartung und gezielte Ma\u00dfnahmen zur Optimierung stellen Sie sicher, dass Ihr Auto nicht nur zuverl\u00e4ssig funktioniert, sondern auch seinen Wert erh\u00e4lt.<\/p>\t\t\t\t\t\t\t\t<\/div>\n\t\t\t\t<\/div>\n\t\t<div class=\"elementor-element elementor-element-14717c9b e-con-full e-flex e-con e-child\" data-id=\"14717c9b\" data-element_type=\"container\">\n\t\t\t\t<div class=\"elementor-element elementor-element-431c61ff elementor-widget__width-initial elementor-widget elementor-widget-text-editor\" data-id=\"431c61ff\" data-element_type=\"widget\" data-widget_type=\"text-editor.default\">\n\t\t\t\t<div class=\"elementor-widget-container\">\n\t\t\t\t\t\t\t\t\t<p><strong>KFZ-Service: <\/strong>Unser umfassender KFZ-Service deckt alle Bereiche ab, die Ihr Fahrzeug ben\u00f6tigt, um sicher und zuverl\u00e4ssig auf der Stra\u00dfe zu fahren. Ob die regelm\u00e4\u00dfige Inspektion, Wartung oder Bremsenwechsel, unser Team sorgt daf\u00fcr, dass Ihr Fahrzeug stets in Top-Zustand bleibt.<\/p><p><strong>Reparatur: <\/strong>Wir bieten schnelle und pr\u00e4zise Reparaturen f\u00fcr Fahrzeuge aller Marken und Modelle. Egal, ob es sich um kleinere Sch\u00e4den oder komplexe Reparaturen handelt \u2013 unsere erfahrenen Mechaniker stellen sicher, dass Ihr Fahrzeug wieder perfekt funktioniert.\u00a0<\/p><p><strong>Karosseriearbeiten: <\/strong>Bei Sch\u00e4den an der Karosserie, ob durch Unf\u00e4lle oder Witterungseinfl\u00fcsse, sind Sie bei uns in den besten H\u00e4nden. Mit einem geschulten Auge f\u00fcrs Detail und handwerklicher Pr\u00e4zision bringen wir Ihr Fahrzeug wieder in einen Optimalzustand. Auch individuellere W\u00fcnsche wie die Integration von exklusiven Bodykits geh\u00f6ren zu unserem Portfolio.<\/p><p><strong>Modifikation &amp; Tuning: <\/strong>Unser Veredelungs-Service vereint erstklassige mechanische und visuelle Optimierungen, um Ihr Fahrzeug in ein exklusives Meisterwerk zu verwandeln. Mit \u00a0Abgasanlagen, Turbolader-Umbauten oder \u00a0Fahrwerks- und Bremsmodifikationen, entfalten wir das ultimative Potenzial Ihres Fahrzeugs. Gleichzeitig veredeln wir das \u00e4u\u00dfere Erscheinungsbild mit exklusiven Felgen, eleganten Spoilern und von Hand angepassten Aerodynamik-Teilen. Durch technische Exzellenz und Gesp\u00fcr f\u00fcr \u00c4sthetik bieten wir Ihnen Tuning auf h\u00f6chstem Niveau.<\/p><p><strong>T\u00dcV-Vorf\u00fchrung: <\/strong>Um sicherzustellen, dass Sie sorgenfrei und sicher unterwegs sind, bereiten wir Ihr Fahrzeug mit h\u00f6chster Professionalit\u00e4t auf die T\u00dcV-Pr\u00fcfung vor und \u00fcbernehmen die Vorf\u00fchrung sowohl f\u00fcr die Hauptuntersuchung als auch f\u00fcr eventuelle Einzelabnahmen. Unser Service gew\u00e4hrleistet die Erf\u00fcllung aller gesetzlichen Anforderungen, damit Sie die Plakette ohne Schwierigkeiten erhalten.<\/p>\t\t\t\t\t\t\t\t<\/div>\n\t\t\t\t<\/div>\n\t\t\t\t<\/div>\n\t\t\t\t\t<\/div>\n\t\t\t\t<\/div>\n\t\t<div class=\"elementor-element elementor-element-5884807f e-flex e-con-boxed e-con e-parent\" data-id=\"5884807f\" data-element_type=\"container\">\n\t\t\t\t\t<div class=\"e-con-inner\">\n\t\t\t\t<div class=\"elementor-element elementor-element-5490fc5 elementor-widget-divider--view-line elementor-widget elementor-widget-divider\" data-id=\"5490fc5\" data-element_type=\"widget\" data-widget_type=\"divider.default\">\n\t\t\t\t<div class=\"elementor-widget-container\">\n\t\t\t\t\t\t\t<div class=\"elementor-divider\">\n\t\t\t<span class=\"elementor-divider-separator\">\n\t\t\t\t\t\t<\/span>\n\t\t<\/div>\n\t\t\t\t\t\t<\/div>\n\t\t\t\t<\/div>\n\t\t\t\t<div class=\"elementor-element elementor-element-3930350e elementor-widget elementor-widget-image\" data-id=\"3930350e\" data-element_type=\"widget\" data-widget_type=\"image.default\">\n\t\t\t\t<div class=\"elementor-widget-container\">\n\t\t\t\t\t\t\t\t\t\t\t\t\t\t\t<img loading=\"lazy\" decoding=\"async\" width=\"1023\" height=\"138\" src=\"https:\/\/benzinlounge.de\/wp-content\/uploads\/2024\/09\/Reifen-Kopie_Zeichenflaeche-1-Kopie-3.svg\" class=\"attachment-full size-full wp-image-161\" alt=\"\" \/>\t\t\t\t\t\t\t\t\t\t\t\t\t\t\t<\/div>\n\t\t\t\t<\/div>\n\t\t\t\t<div class=\"elementor-element elementor-element-589b6a7b elementor-widget elementor-widget-text-editor\" data-id=\"589b6a7b\" data-element_type=\"widget\" data-widget_type=\"text-editor.default\">\n\t\t\t\t<div class=\"elementor-widget-container\">\n\t\t\t\t\t\t\t\t\t<h4>Multimedia- und Komfortsysteme:<\/h4><p>Wir sorgen daf\u00fcr, dass nachger\u00fcstete Systeme vollst\u00e4ndig mit Ihrem Bordnetz kompatibel sind und erm\u00f6glichen Ihnen modernste Technologien und ma\u00dfgeschneiderte L\u00f6sungen f\u00fcr Ihr Fahrzeug.<\/p>\t\t\t\t\t\t\t\t<\/div>\n\t\t\t\t<\/div>\n\t\t<div class=\"elementor-element elementor-element-41405e98 e-con-full e-flex e-con e-child\" data-id=\"41405e98\" data-element_type=\"container\">\n\t\t\t\t<div class=\"elementor-element elementor-element-3feeed2e elementor-widget__width-initial elementor-widget elementor-widget-text-editor\" data-id=\"3feeed2e\" data-element_type=\"widget\" data-widget_type=\"text-editor.default\">\n\t\t\t\t<div class=\"elementor-widget-container\">\n\t\t\t\t\t\t\t\t\t<p><b>Infotainment<\/b><strong>:<\/strong> Erleben Sie ein herausragendes Fahrerlebnis mit einem<span class=\"Apple-converted-space\">\u00a0 <\/span>modernen Infotainment-System. Es bietet eine nahtlose Kombination aus Unterhaltung und Information, die durch ein hochaufl\u00f6sendes Display und intuitive Bedienung abgerundet wird.<\/p><p><b>Audio-Systeme<\/b><strong>:<\/strong> Tauchen Sie ein in eine Welt \u00fcberragenden Klangs und erstklassiger Audio-Qualit\u00e4t in Ihrem Fahrzeug mit unseren exklusiven Car-Hi-Fi-Systemen. Wir k\u00fcmmern uns um die professionelle Installation hochwertiger Radios, Lautsprecher, Subwoofer und Verst\u00e4rker, die f\u00fcr ein unvergleichliches H\u00f6rerlebnis sorgen. Lassen Sie sich von der pr\u00e4zisen Klangwiedergabe und der beeindruckenden Soundperformance begeistern, die Ihren Fahrkomfort auf ein neues Niveau heben werden.<\/p><p><b>Smartphone-Integratio<\/b><strong>n:<\/strong> Wir installieren fortschrittlichste Smartphone-Integrationstechnologien, die eine perfekte Verbindung zwischen Ihrem Mobilger\u00e4t und dem Fahrzeug herstellen. Dadurch genie\u00dfen Sie nahtlosen Zugriff auf Ihre Apps, Navigation und Kommunikation direkt \u00fcber das Fahrzeugdisplay.<\/p><p><b>Tracker &amp; Alarmanlagen<\/b>: Profitieren Sie von erstklassiger Sicherheit und Kontrolle durch hochentwickelte GPS-Tracker und Alarmanlagen. Wir \u00fcbernehmen die professionelle Installation dieser hochmodernen Systeme, die Ihnen pr\u00e4zise Fahrzeugortung, Echtzeit-Verfolgung und zuverl\u00e4ssigen Schutz vor Diebstahl bieten. Damit verbessert sich die Sicherheit und Kontrolle Ihres Fahrzeugs erheblich.<\/p><p><b>R\u00fcckfahrkameras<\/b>: Genie\u00dfen Sie ein neues Ma\u00df an Sicherheit und Komfort beim R\u00fcckw\u00e4rtsfahren mit unseren R\u00fcckfahrkameras. Durch ihre hochaufl\u00f6sende Bildqualit\u00e4t und pr\u00e4zise Darstellung der Umgebung hinter Ihrem Fahrzeug erm\u00f6glichen sie eine exakte Man\u00f6vrierung, sodass Sie stets sicher und entspannt parken k\u00f6nnen.<\/p><p><b>Custom-Features<\/b>: Haben Sie noch nicht das entdeckt, wonach Sie suchen? Ob elegante Ambientebeleuchtung, exklusive Interiorleisten oder innovative Nachr\u00fcstungen wie Standheizungen und Solaranlagen \u2013 lassen Sie uns Ihre pers\u00f6nlichen W\u00fcnsche und Vorstellungen besprechen und diese in die Realit\u00e4t umsetzen. <span style=\"text-decoration: underline;\"><span style=\"color: #ff0000; text-decoration: underline;\"><a style=\"color: #ff0000; text-decoration: underline;\" href=\"tel: +4981659822298\">Kontaktieren Sie uns gerne<\/a><\/span><\/span>, um Ihre Ideen gemeinsam zu verwirklichen.<\/p>\t\t\t\t\t\t\t\t<\/div>\n\t\t\t\t<\/div>\n\t\t\t\t<\/div>\n\t\t\t\t\t<\/div>\n\t\t\t\t<\/div>\n\t\t<div class=\"elementor-element elementor-element-2731d1c e-flex e-con-boxed e-con e-parent\" data-id=\"2731d1c\" data-element_type=\"container\">\n\t\t\t\t\t<div class=\"e-con-inner\">\n\t\t\t\t<div class=\"elementor-element elementor-element-d69f712 elementor-widget-divider--view-line elementor-widget elementor-widget-divider\" data-id=\"d69f712\" data-element_type=\"widget\" data-widget_type=\"divider.default\">\n\t\t\t\t<div class=\"elementor-widget-container\">\n\t\t\t\t\t\t\t<div class=\"elementor-divider\">\n\t\t\t<span class=\"elementor-divider-separator\">\n\t\t\t\t\t\t<\/span>\n\t\t<\/div>\n\t\t\t\t\t\t<\/div>\n\t\t\t\t<\/div>\n\t\t\t\t<div class=\"elementor-element elementor-element-62e0bf9 elementor-widget elementor-widget-image\" data-id=\"62e0bf9\" data-element_type=\"widget\" data-widget_type=\"image.default\">\n\t\t\t\t<div class=\"elementor-widget-container\">\n\t\t\t\t\t\t\t\t\t\t\t\t\t\t\t<img loading=\"lazy\" decoding=\"async\" width=\"1023\" height=\"138\" src=\"https:\/\/benzinlounge.de\/wp-content\/uploads\/2024\/09\/Reifen-Kopie_Zeichenflaeche-1-Kopie-2.svg\" class=\"attachment-full size-full wp-image-178\" alt=\"\" \/>\t\t\t\t\t\t\t\t\t\t\t\t\t\t\t<\/div>\n\t\t\t\t<\/div>\n\t\t\t\t<div class=\"elementor-element elementor-element-67fe4f9 elementor-widget elementor-widget-text-editor\" data-id=\"67fe4f9\" data-element_type=\"widget\" data-widget_type=\"text-editor.default\">\n\t\t\t\t<div class=\"elementor-widget-container\">\n\t\t\t\t\t\t\t\t\t<h4>Software &amp; Diagnose:<\/h4><p>Durch unsere Software- und Diagnosem\u00f6glichkeiten optimieren wir die Leistung Ihres Fahrzeugs und identifizieren fr\u00fchzeitig m\u00f6gliche Probleme, um eine zuverl\u00e4ssige und effiziente Fahrzeugnutzung zu unterst\u00fctzen.<\/p>\t\t\t\t\t\t\t\t<\/div>\n\t\t\t\t<\/div>\n\t\t<div class=\"elementor-element elementor-element-f1b9bd0 e-con-full e-flex e-con e-child\" data-id=\"f1b9bd0\" data-element_type=\"container\">\n\t\t\t\t<div class=\"elementor-element elementor-element-354112c elementor-widget__width-initial elementor-widget elementor-widget-text-editor\" data-id=\"354112c\" data-element_type=\"widget\" data-widget_type=\"text-editor.default\">\n\t\t\t\t<div class=\"elementor-widget-container\">\n\t\t\t\t\t\t\t\t\t<p><b>Software:<\/b> Unsere Softwareoptimierung geht \u00fcber die herk\u00f6mmlichen Anpassungen hinaus \u2013 wir bieten Ihnen exklusive Custom-Maps, die speziell auf die Hardware-Komponenten Ihres Fahrzeugs abgestimmt sind. Egal, ob Sie leistungsstarke Turbolader, ge\u00e4nderte Einspritzanlagen oder optimierte Abgassysteme verbaut haben, wir entwickeln individuell angepasste Softwarel\u00f6sungen, die das volle Potenzial dieser Komponenten aussch\u00f6pfen. Durch eine fein abgestimmte Kalibrierung der Motorsteuerung maximieren wir Leistung, Drehmoment und Effizienz, w\u00e4hrend die Langlebigkeit und Sicherheit Ihres Fahrzeugs gewahrt bleibt. Diese Spezialanfertigungen sorgen f\u00fcr ein Fahrerlebnis, das auf Ihre individuellen Anforderungen zugeschnitten ist und eine perfekte Symbiose zwischen Hardware und Software bildet.<\/p><p><b>Codieren:<\/b> Unser Programmierdienst erm\u00f6glicht es, verschiedene Funktionen Ihres Fahrzeugs anzupassen und freizuschalten. Ob es um Komfortfunktionen oder um die Aktivierung von Fahrassistenzsystemen geht \u2013 wir passen die Software Ihres Fahrzeugs exakt nach Ihren W\u00fcnschen an. So genie\u00dfen Sie maximale Flexibilit\u00e4t und Komfort in Ihrem Auto.<\/p><p><b>Diagnose:<\/b> Unsere umfassende Fahrzeugdiagnose erm\u00f6glicht eine genaue Analyse aller elektronischen Systeme in Ihrem Auto. Wir lesen Fehlercodes aus und erkennen dadurch potenzielle Probleme fr\u00fchzeitig. So k\u00f6nnen wir gezielt und effizient handeln, um die Sicherheit und Leistungsf\u00e4higkeit Ihres Fahrzeugs zu erhalten.<\/p>\t\t\t\t\t\t\t\t<\/div>\n\t\t\t\t<\/div>\n\t\t\t\t<\/div>\n\t\t\t\t\t<\/div>\n\t\t\t\t<\/div>\n\t\t\t\t<\/div>\n\t\t","protected":false},"excerpt":{"rendered":"<p>Die KFZ-Werkstatt mit BENZIN im Blut! Von Oldtimer \u00fcber Youngtimer bis hin zum modernen Neuwagen oder Ihrem Alltagsauto. Unsere Leidenschaft f\u00fcr das Automobil ist der Antrieb, der uns t\u00e4glich motiviert, jedes Fahrzeug mit Hingabe und Pr\u00e4zision zu pflegen und zu reparieren. Mit langj\u00e4hriger Erfahrung und einem Team aus hochspezialisierten Profis finden wir individuelle L\u00f6sungen, die [&hellip;]<\/p>\n","protected":false},"author":2,"featured_media":0,"parent":0,"menu_order":0,"comment_status":"closed","ping_status":"closed","template":"","meta":{"footnotes":""},"class_list":["post-13","page","type-page","status-publish","hentry"],"_links":{"self":[{"href":"https:\/\/benzinlounge.de\/index.php\/wp-json\/wp\/v2\/pages\/13","targetHints":{"allow":["GET"]}}],"collection":[{"href":"https:\/\/benzinlounge.de\/index.php\/wp-json\/wp\/v2\/pages"}],"about":[{"href":"https:\/\/benzinlounge.de\/index.php\/wp-json\/wp\/v2\/types\/page"}],"author":[{"embeddable":true,"href":"https:\/\/benzinlounge.de\/index.php\/wp-json\/wp\/v2\/users\/2"}],"replies":[{"embeddable":true,"href":"https:\/\/benzinlounge.de\/index.php\/wp-json\/wp\/v2\/comments?post=13"}],"version-history":[{"count":134,"href":"https:\/\/benzinlounge.de\/index.php\/wp-json\/wp\/v2\/pages\/13\/revisions"}],"predecessor-version":[{"id":190,"href":"https:\/\/benzinlounge.de\/index.php\/wp-json\/wp\/v2\/pages\/13\/revisions\/190"}],"wp:attachment":[{"href":"https:\/\/benzinlounge.de\/index.php\/wp-json\/wp\/v2\/media?parent=13"}],"curies":[{"name":"wp","href":"https:\/\/api.w.org\/{rel}","templated":true}]}}